{"id":66,"date":"2022-03-26T16:31:10","date_gmt":"2022-03-26T15:31:10","guid":{"rendered":"http:\/\/lesbillesdecamille.com\/?page_id=66"},"modified":"2026-04-20T18:34:48","modified_gmt":"2026-04-20T16:34:48","slug":"blog","status":"publish","type":"page","link":"https:\/\/lesbillesdecamille.com\/index.php\/blog\/","title":{"rendered":"Mon Blog !"},"content":{"rendered":"\n<div class=\"wp-block-query is-layout-flow wp-block-query-is-layout-flow\"><ul class=\"wp-block-post-template is-layout-flow wp-block-post-template-is-layout-flow\"><li class=\"wp-block-post post-393 post type-post status-publish format-standard hentry category-non-classe\">\n<h2 class=\"wp-block-post-title\"><a href=\"https:\/\/lesbillesdecamille.com\/index.php\/2022\/04\/03\/mon-atelier-grenier\/\" target=\"_self\" >Mon atelier Grenier<\/a><\/h2>\n\n\n\n<div class=\"wp-block-post-excerpt\"><p class=\"wp-block-post-excerpt__excerpt\">L&rsquo;endroit propice \u00e0 la cr\u00e9ation&#8230; <\/p><\/div>\n\n\n<hr class=\"wp-block-separator has-css-opacity\"\/>\n\n\n<div class=\"wp-block-post-date\"><time datetime=\"2022-04-03T18:49:07+02:00\">3 avril 2022<\/time><\/div>\n<\/li><li class=\"wp-block-post post-310 post type-post status-publish format-standard has-post-thumbnail hentry category-creations-textiles\">\n<h2 class=\"wp-block-post-title\"><a href=\"https:\/\/lesbillesdecamille.com\/index.php\/2022\/04\/03\/motif-les-cerises-le-renouveau-du-printemps-2022\/\" target=\"_self\" >Le motif \u00ab\u00a0Cerises\u00a0\u00bb, je  f\u00eate l&rsquo;arriv\u00e9e du printemps 2026 !<\/a><\/h2>\n\n<figure class=\"alignwide wp-block-post-featured-image\"><a href=\"https:\/\/lesbillesdecamille.com\/index.php\/2022\/04\/03\/motif-les-cerises-le-renouveau-du-printemps-2022\/\" target=\"_self\"  ><img loading=\"lazy\" decoding=\"async\" width=\"2040\" height=\"1360\" src=\"https:\/\/lesbillesdecamille.com\/wp-content\/uploads\/2022\/03\/Guirlandetissu_girl2-1.jpg\" class=\"attachment-post-thumbnail size-post-thumbnail wp-post-image\" alt=\"Le motif \u00ab\u00a0Cerises\u00a0\u00bb, je  f\u00eate l&rsquo;arriv\u00e9e du printemps 2026 !\" style=\"object-fit:cover;\" srcset=\"https:\/\/lesbillesdecamille.com\/wp-content\/uploads\/2022\/03\/Guirlandetissu_girl2-1.jpg 2040w, https:\/\/lesbillesdecamille.com\/wp-content\/uploads\/2022\/03\/Guirlandetissu_girl2-1-300x200.jpg 300w, https:\/\/lesbillesdecamille.com\/wp-content\/uploads\/2022\/03\/Guirlandetissu_girl2-1-1024x683.jpg 1024w, https:\/\/lesbillesdecamille.com\/wp-content\/uploads\/2022\/03\/Guirlandetissu_girl2-1-768x512.jpg 768w, https:\/\/lesbillesdecamille.com\/wp-content\/uploads\/2022\/03\/Guirlandetissu_girl2-1-1536x1024.jpg 1536w\" sizes=\"auto, (max-width: 2040px) 100vw, 2040px\" \/><\/a><\/figure>\n\n<div class=\"wp-block-post-excerpt\"><p class=\"wp-block-post-excerpt__excerpt\">J&rsquo;ai r\u00e9alis\u00e9 le motif chez un \u00e9diteur num\u00e9rique <\/p><\/div>\n\n\n<hr class=\"wp-block-separator has-css-opacity\"\/>\n\n\n<div class=\"wp-block-post-date\"><time datetime=\"2022-04-03T18:40:00+02:00\">3 avril 2022<\/time><\/div>\n<\/li><li class=\"wp-block-post post-352 post type-post status-publish format-standard hentry category-non-classe\">\n<h2 class=\"wp-block-post-title\"><a href=\"https:\/\/lesbillesdecamille.com\/index.php\/2022\/03\/30\/la-licorne-ses-accessoires\/\" target=\"_self\" >Le motif Licorne et ses accessoires !<\/a><\/h2>\n\n\n\n<div class=\"wp-block-post-excerpt\"><p class=\"wp-block-post-excerpt__excerpt\"> <\/p><\/div>\n\n\n<hr class=\"wp-block-separator has-css-opacity\"\/>\n\n\n<div class=\"wp-block-post-date\"><time datetime=\"2022-03-30T18:03:53+02:00\">30 mars 2022<\/time><\/div>\n<\/li><\/ul><\/div>\n\n\n\n<figure class=\"wp-block-image size-large\"><img loading=\"lazy\" decoding=\"async\" width=\"1024\" height=\"732\" src=\"http:\/\/lesbillesdecamille.com\/wp-content\/uploads\/2026\/04\/475586015_2826801950817918_1367995404550015589_n-1-1024x732.jpg\" alt=\"\" class=\"wp-image-479\" srcset=\"https:\/\/lesbillesdecamille.com\/wp-content\/uploads\/2026\/04\/475586015_2826801950817918_1367995404550015589_n-1-1024x732.jpg 1024w, https:\/\/lesbillesdecamille.com\/wp-content\/uploads\/2026\/04\/475586015_2826801950817918_1367995404550015589_n-1-300x214.jpg 300w, https:\/\/lesbillesdecamille.com\/wp-content\/uploads\/2026\/04\/475586015_2826801950817918_1367995404550015589_n-1-768x549.jpg 768w, https:\/\/lesbillesdecamille.com\/wp-content\/uploads\/2026\/04\/475586015_2826801950817918_1367995404550015589_n-1-1536x1097.jpg 1536w, https:\/\/lesbillesdecamille.com\/wp-content\/uploads\/2026\/04\/475586015_2826801950817918_1367995404550015589_n-1.jpg 2048w\" sizes=\"auto, (max-width: 1024px) 100vw, 1024px\" \/><\/figure>\n\n\n\n<p>Mieux qu&rsquo;un poisson en chocolat ! <\/p>\n","protected":false},"excerpt":{"rendered":"<p>Mieux qu&rsquo;un poisson en chocolat !<\/p>\n","protected":false},"author":1,"featured_media":0,"parent":0,"menu_order":0,"comment_status":"closed","ping_status":"closed","template":"","meta":{"footnotes":""},"class_list":["post-66","page","type-page","status-publish","hentry"],"_links":{"self":[{"href":"https:\/\/lesbillesdecamille.com\/index.php\/wp-json\/wp\/v2\/pages\/66","targetHints":{"allow":["GET"]}}],"collection":[{"href":"https:\/\/lesbillesdecamille.com\/index.php\/wp-json\/wp\/v2\/pages"}],"about":[{"href":"https:\/\/lesbillesdecamille.com\/index.php\/wp-json\/wp\/v2\/types\/page"}],"author":[{"embeddable":true,"href":"https:\/\/lesbillesdecamille.com\/index.php\/wp-json\/wp\/v2\/users\/1"}],"replies":[{"embeddable":true,"href":"https:\/\/lesbillesdecamille.com\/index.php\/wp-json\/wp\/v2\/comments?post=66"}],"version-history":[{"count":4,"href":"https:\/\/lesbillesdecamille.com\/index.php\/wp-json\/wp\/v2\/pages\/66\/revisions"}],"predecessor-version":[{"id":485,"href":"https:\/\/lesbillesdecamille.com\/index.php\/wp-json\/wp\/v2\/pages\/66\/revisions\/485"}],"wp:attachment":[{"href":"https:\/\/lesbillesdecamille.com\/index.php\/wp-json\/wp\/v2\/media?parent=66"}],"curies":[{"name":"wp","href":"https:\/\/api.w.org\/{rel}","templated":true}]}}