{"id":64,"date":"2022-03-26T16:31:10","date_gmt":"2022-03-26T15:31:10","guid":{"rendered":"http:\/\/lesbillesdecamille.com\/?page_id=64"},"modified":"2023-03-30T15:13:30","modified_gmt":"2023-03-30T13:13:30","slug":"a-propos-de","status":"publish","type":"page","link":"https:\/\/lesbillesdecamille.com\/index.php\/a-propos-de\/","title":{"rendered":"Qui est cette fille qui habite \u00e0 Lille ?"},"content":{"rendered":"\n<p>Je suis n\u00e9e \u00e0 Rennes avant de d\u00e9poser mes bagages \u00e0 Lille. <\/p>\n\n\n\n<p>J&rsquo;ai tout d&rsquo;abord r\u00e9alis\u00e9 des \u00e9tudes d&rsquo;Arts Appliqu\u00e9s en passant ensuite par une \u00c9cole de Stylisme Mod\u00e9lisme. <\/p>\n\n\n\n<p>D\u00e9sireuse de mettre l&rsquo;Humain au centre de mes pr\u00e9occupations, je me suis form\u00e9e aux Sciences Humaines en devenant \u00c9ducatrice sp\u00e9cialis\u00e9e en 2021. <\/p>\n\n\n\n<p>Ces deux app\u00e9tences m&rsquo;ont amen\u00e9e \u00e0 la croyance que les Arts font du Bien. En Sciences Humaines on appelle L&rsquo;Art le tiers-m\u00e9diateur entre l&rsquo;aidant et l&rsquo;aid\u00e9.<\/p>\n\n\n\n<p>Je parle plus particuli\u00e8rement des Arts autour de l&rsquo;Expression qui nous permettent de nous R\u00e9aliser, adulte et enfant :  <\/p>\n\n\n\n<p>Par le plaisir de la contemplation du \u00ab\u00a0Beau\u00a0\u00bb, d&rsquo;une peinture ou d&rsquo;un dessin,<\/p>\n\n\n\n<p>Par la r\u00e9alisation d&rsquo;un travail manuel, lorsque nous fabriquons nos propres objets,<\/p>\n\n\n\n<p>Par l&rsquo;expression de notre corps, lorsque nous communiquons nos \u00e9motions lors d&rsquo;ateliers de th\u00e9\u00e2tre d&rsquo;improvisation ou de danse libre,<\/p>\n\n\n\n<p>Par l&rsquo;expression orale, en cr\u00e9ant nos propres histoires par l&rsquo;interm\u00e9diaire d&rsquo;un atelier \u00ab\u00a0Raconte moi une histoire\u00a0\u00bb,<\/p>\n\n\n\n<p>Nous valorisons notre estime de soi.<\/p>\n\n\n\n<p>Delphine<\/p>\n\n\n\n<p> <\/p>\n\n\n\n<p><\/p>\n\n\n\n<p> <\/p>\n","protected":false},"excerpt":{"rendered":"<p>Je suis n\u00e9e \u00e0 Rennes avant de d\u00e9poser mes bagages \u00e0 Lille. J&rsquo;ai tout d&rsquo;abord r\u00e9alis\u00e9 des \u00e9tudes d&rsquo;Arts Appliqu\u00e9s en passant ensuite par une \u00c9cole de Stylisme Mod\u00e9lisme. D\u00e9sireuse de mettre l&rsquo;Humain au centre de mes pr\u00e9occupations, je me suis form\u00e9e aux Sciences Humaines en devenant \u00c9ducatrice sp\u00e9cialis\u00e9e en 2021. Ces deux app\u00e9tences m&rsquo;ont [&hellip;]<\/p>\n","protected":false},"author":1,"featured_media":0,"parent":0,"menu_order":0,"comment_status":"closed","ping_status":"closed","template":"","meta":{"footnotes":""},"class_list":["post-64","page","type-page","status-publish","hentry"],"_links":{"self":[{"href":"https:\/\/lesbillesdecamille.com\/index.php\/wp-json\/wp\/v2\/pages\/64","targetHints":{"allow":["GET"]}}],"collection":[{"href":"https:\/\/lesbillesdecamille.com\/index.php\/wp-json\/wp\/v2\/pages"}],"about":[{"href":"https:\/\/lesbillesdecamille.com\/index.php\/wp-json\/wp\/v2\/types\/page"}],"author":[{"embeddable":true,"href":"https:\/\/lesbillesdecamille.com\/index.php\/wp-json\/wp\/v2\/users\/1"}],"replies":[{"embeddable":true,"href":"https:\/\/lesbillesdecamille.com\/index.php\/wp-json\/wp\/v2\/comments?post=64"}],"version-history":[{"count":10,"href":"https:\/\/lesbillesdecamille.com\/index.php\/wp-json\/wp\/v2\/pages\/64\/revisions"}],"predecessor-version":[{"id":467,"href":"https:\/\/lesbillesdecamille.com\/index.php\/wp-json\/wp\/v2\/pages\/64\/revisions\/467"}],"wp:attachment":[{"href":"https:\/\/lesbillesdecamille.com\/index.php\/wp-json\/wp\/v2\/media?parent=64"}],"curies":[{"name":"wp","href":"https:\/\/api.w.org\/{rel}","templated":true}]}}