{"id":63,"date":"2022-03-26T16:31:10","date_gmt":"2022-03-26T15:31:10","guid":{"rendered":"http:\/\/lesbillesdecamille.com\/?page_id=63"},"modified":"2023-03-30T15:20:18","modified_gmt":"2023-03-30T13:20:18","slug":"testrleikjhdgmdfjklg","status":"publish","type":"page","link":"https:\/\/lesbillesdecamille.com\/","title":{"rendered":"Ateliers cr\u00e9atifs par Delphine"},"content":{"rendered":"\n<div class=\"wp-block-group alignwide\"><div class=\"wp-block-group__inner-container is-layout-flow wp-block-group-is-layout-flow\">\n<h2 class=\"wp-block-heading has-text-align-center has-text-color\" style=\"color:#7b7b7b;font-style:italic;font-weight:400\">Pour d\u00e9couvrir mon univers, allez dans ma <a href=\"http:\/\/lesbillesdecamille.com\/index.php\/blog\/\">page blog<\/a> !<\/h2>\n<\/div><\/div>\n\n\n\n<p class=\"has-text-align-center has-luminous-vivid-orange-color has-text-color\">Mon Atelier \u00a0\u00bb TAG TON TOTE SAC \u00a0\u00bb au Parc Mosa\u00efc de la M\u00e9tropole Lilloise<\/p>\n\n\n\n<div class=\"wp-block-group\"><div class=\"wp-block-group__inner-container is-layout-flow wp-block-group-is-layout-flow\"><div class=\"wp-block-image\">\n<figure class=\"aligncenter size-large is-resized\"><img loading=\"lazy\" decoding=\"async\" src=\"http:\/\/lesbillesdecamille.com\/wp-content\/uploads\/2022\/03\/Modif_SL382650-1024x768.jpg\" alt=\"\" class=\"wp-image-321\" width=\"512\" height=\"384\" srcset=\"https:\/\/lesbillesdecamille.com\/wp-content\/uploads\/2022\/03\/Modif_SL382650-1024x768.jpg 1024w, https:\/\/lesbillesdecamille.com\/wp-content\/uploads\/2022\/03\/Modif_SL382650-300x225.jpg 300w, https:\/\/lesbillesdecamille.com\/wp-content\/uploads\/2022\/03\/Modif_SL382650-768x576.jpg 768w, https:\/\/lesbillesdecamille.com\/wp-content\/uploads\/2022\/03\/Modif_SL382650-1536x1152.jpg 1536w, https:\/\/lesbillesdecamille.com\/wp-content\/uploads\/2022\/03\/Modif_SL382650.jpg 1600w\" sizes=\"auto, (max-width: 512px) 100vw, 512px\" \/><\/figure>\n<\/div>\n\n\n<p class=\"has-text-align-center has-pale-pink-color has-text-color\">Atelier \u00a0\u00bb HELLO TA POCHETTE \u00a0\u00bb \u00e0 l&rsquo;internat d&rsquo;un coll\u00e8ge Lillois<\/p>\n\n\n<div class=\"wp-block-image\">\n<figure class=\"aligncenter size-large is-resized\"><img loading=\"lazy\" decoding=\"async\" src=\"http:\/\/lesbillesdecamille.com\/wp-content\/uploads\/2022\/03\/EREA_AtelierHelloPochette-1-1013x1024.jpg\" alt=\"\" class=\"wp-image-264\" width=\"507\" height=\"512\" srcset=\"https:\/\/lesbillesdecamille.com\/wp-content\/uploads\/2022\/03\/EREA_AtelierHelloPochette-1-1013x1024.jpg 1013w, https:\/\/lesbillesdecamille.com\/wp-content\/uploads\/2022\/03\/EREA_AtelierHelloPochette-1-297x300.jpg 297w, https:\/\/lesbillesdecamille.com\/wp-content\/uploads\/2022\/03\/EREA_AtelierHelloPochette-1-150x150.jpg 150w, https:\/\/lesbillesdecamille.com\/wp-content\/uploads\/2022\/03\/EREA_AtelierHelloPochette-1-768x776.jpg 768w, https:\/\/lesbillesdecamille.com\/wp-content\/uploads\/2022\/03\/EREA_AtelierHelloPochette-1.jpg 1520w\" sizes=\"auto, (max-width: 507px) 100vw, 507px\" \/><\/figure>\n<\/div><\/div><\/div>\n\n\n\n<p class=\"has-text-align-center has-vivid-cyan-blue-color has-text-color\">Partenariat avec la Cr\u00e9atrice Lady Doa pour r\u00e9aliser des accessoires b\u00e9b\u00e9 !<\/p>\n\n\n<div class=\"wp-block-image\">\n<figure class=\"aligncenter size-full is-resized\"><img loading=\"lazy\" decoding=\"async\" src=\"http:\/\/lesbillesdecamille.com\/wp-content\/uploads\/2022\/03\/ensembletourEiffel4-2.jpg\" alt=\"\" class=\"wp-image-305\" width=\"589\" height=\"441\" srcset=\"https:\/\/lesbillesdecamille.com\/wp-content\/uploads\/2022\/03\/ensembletourEiffel4-2.jpg 960w, https:\/\/lesbillesdecamille.com\/wp-content\/uploads\/2022\/03\/ensembletourEiffel4-2-300x225.jpg 300w, https:\/\/lesbillesdecamille.com\/wp-content\/uploads\/2022\/03\/ensembletourEiffel4-2-768x576.jpg 768w\" sizes=\"auto, (max-width: 589px) 100vw, 589px\" \/><\/figure>\n<\/div>\n\n<div class=\"wp-block-image\">\n<figure class=\"aligncenter size-large is-resized\"><img loading=\"lazy\" decoding=\"async\" src=\"http:\/\/lesbillesdecamille.com\/wp-content\/uploads\/2022\/03\/tourdelitEiffel-1024x679.jpg\" alt=\"\" class=\"wp-image-272\" width=\"597\" height=\"396\" srcset=\"https:\/\/lesbillesdecamille.com\/wp-content\/uploads\/2022\/03\/tourdelitEiffel-1024x679.jpg 1024w, https:\/\/lesbillesdecamille.com\/wp-content\/uploads\/2022\/03\/tourdelitEiffel-300x199.jpg 300w, https:\/\/lesbillesdecamille.com\/wp-content\/uploads\/2022\/03\/tourdelitEiffel-768x509.jpg 768w, https:\/\/lesbillesdecamille.com\/wp-content\/uploads\/2022\/03\/tourdelitEiffel-1536x1019.jpg 1536w, https:\/\/lesbillesdecamille.com\/wp-content\/uploads\/2022\/03\/tourdelitEiffel-2048x1358.jpg 2048w\" sizes=\"auto, (max-width: 597px) 100vw, 597px\" \/><\/figure>\n<\/div>\n\n\n<p class=\"has-text-align-center has-vivid-purple-color has-text-color\">\u00a0\u00bb Les chaussettes de l&rsquo;Archiduchesse \u00a0\u00bb D\u00e9fil\u00e9 Parisien de mode enfantine <\/p>\n\n\n\n<p class=\"has-text-align-center has-vivid-purple-color has-text-color\">V\u00eatements con\u00e7us par mes petites mains, j&rsquo;ai tout r\u00e9alis\u00e9 en chaussettes recycl\u00e9es !   <\/p>\n\n\n<div class=\"wp-block-image\">\n<figure class=\"aligncenter size-large is-resized\"><img loading=\"lazy\" decoding=\"async\" src=\"http:\/\/lesbillesdecamille.com\/wp-content\/uploads\/2022\/03\/photochau-1-706x1024.jpg\" alt=\"\" class=\"wp-image-257\" width=\"468\" height=\"679\" srcset=\"https:\/\/lesbillesdecamille.com\/wp-content\/uploads\/2022\/03\/photochau-1-706x1024.jpg 706w, https:\/\/lesbillesdecamille.com\/wp-content\/uploads\/2022\/03\/photochau-1-207x300.jpg 207w, https:\/\/lesbillesdecamille.com\/wp-content\/uploads\/2022\/03\/photochau-1-768x1114.jpg 768w, https:\/\/lesbillesdecamille.com\/wp-content\/uploads\/2022\/03\/photochau-1-1059x1536.jpg 1059w, https:\/\/lesbillesdecamille.com\/wp-content\/uploads\/2022\/03\/photochau-1.jpg 1207w\" sizes=\"auto, (max-width: 468px) 100vw, 468px\" \/><\/figure>\n<\/div>\n\n\n<p class=\"has-text-align-center\"><\/p>\n\n\n\n<p class=\"has-text-align-center has-pale-pink-color has-text-color has-medium-font-size\"><strong>Aper\u00e7us de mes Cr\u00e9ations textiles<\/strong><\/p>\n\n\n\n<p class=\"has-text-align-center\">le Motif licorne, je l&rsquo;ai dessin\u00e9 num\u00e9riquement et imprim\u00e9 chez un \u00e9diteur en Impression num\u00e9rique pour y d\u00e9cliner des accessoires textiles que j&rsquo;ai fait DIY.<\/p>\n\n\n\n<div class=\"wp-block-columns is-layout-flex wp-container-core-columns-is-layout-9d6595d7 wp-block-columns-is-layout-flex\">\n<div class=\"wp-block-column is-layout-flow wp-block-column-is-layout-flow\"><div class=\"wp-block-image\">\n<figure class=\"aligncenter size-full is-resized\"><img loading=\"lazy\" decoding=\"async\" src=\"http:\/\/lesbillesdecamille.com\/wp-content\/uploads\/2022\/03\/licorneviolet.jpg\" alt=\"\" class=\"wp-image-16\" width=\"527\" height=\"533\" srcset=\"https:\/\/lesbillesdecamille.com\/wp-content\/uploads\/2022\/03\/licorneviolet.jpg 703w, https:\/\/lesbillesdecamille.com\/wp-content\/uploads\/2022\/03\/licorneviolet-297x300.jpg 297w\" sizes=\"auto, (max-width: 527px) 100vw, 527px\" \/><\/figure>\n<\/div><\/div>\n<\/div>\n\n\n\n<p class=\"has-text-align-center has-vivid-red-color has-text-color\">Motif plumes de paon, r\u00e9alis\u00e9 sur un coussin<\/p>\n\n\n<div class=\"wp-block-image\">\n<figure class=\"aligncenter size-large is-resized\"><img loading=\"lazy\" decoding=\"async\" src=\"http:\/\/lesbillesdecamille.com\/wp-content\/uploads\/2022\/03\/plumes-1-1009x1024.jpg\" alt=\"\" class=\"wp-image-252\" width=\"505\" height=\"512\" srcset=\"https:\/\/lesbillesdecamille.com\/wp-content\/uploads\/2022\/03\/plumes-1-1009x1024.jpg 1009w, https:\/\/lesbillesdecamille.com\/wp-content\/uploads\/2022\/03\/plumes-1-296x300.jpg 296w, https:\/\/lesbillesdecamille.com\/wp-content\/uploads\/2022\/03\/plumes-1-768x780.jpg 768w, https:\/\/lesbillesdecamille.com\/wp-content\/uploads\/2022\/03\/plumes-1.jpg 1386w\" sizes=\"auto, (max-width: 505px) 100vw, 505px\" \/><\/figure>\n<\/div>\n\n\n<p class=\"has-text-align-center has-pale-pink-color has-text-color\">Motif \u00ab\u00a0Cerises\u00a0\u00bb, je vous propose la d\u00e9clinaison du tissu dans diff\u00e9rents produits, dans ma page \u00ab\u00a0<a href=\"http:\/\/lesbillesdecamille.com\/index.php\/blog\/\">mon blog<\/a>\u00ab\u00a0<\/p>\n\n\n<div class=\"wp-block-image\">\n<figure class=\"aligncenter size-large is-resized\"><img loading=\"lazy\" decoding=\"async\" src=\"http:\/\/lesbillesdecamille.com\/wp-content\/uploads\/2022\/03\/racc_cerise-1022x1024.jpg\" alt=\"\" class=\"wp-image-61\" width=\"511\" height=\"512\" srcset=\"https:\/\/lesbillesdecamille.com\/wp-content\/uploads\/2022\/03\/racc_cerise-1022x1024.jpg 1022w, https:\/\/lesbillesdecamille.com\/wp-content\/uploads\/2022\/03\/racc_cerise-300x300.jpg 300w, https:\/\/lesbillesdecamille.com\/wp-content\/uploads\/2022\/03\/racc_cerise-150x150.jpg 150w, https:\/\/lesbillesdecamille.com\/wp-content\/uploads\/2022\/03\/racc_cerise-768x770.jpg 768w, https:\/\/lesbillesdecamille.com\/wp-content\/uploads\/2022\/03\/racc_cerise.jpg 1358w\" sizes=\"auto, (max-width: 511px) 100vw, 511px\" \/><\/figure>\n<\/div>\n\n\n<p class=\"has-text-align-center has-vivid-purple-color has-text-color\">J&rsquo;ai r\u00e9alis\u00e9 ces deux visuels \u00ab\u00a0<a rel=\"noreferrer noopener\" href=\"https:\/\/www.lille3000.eu\/portail\/\" target=\"_blank\">Lille 3000<\/a>\u00ab\u00a0pour \u00ab\u00a0les fen\u00eatres qui parlent\u00a0\u00bb<\/p>\n\n\n<div class=\"wp-block-image\">\n<figure class=\"aligncenter size-large is-resized\"><img loading=\"lazy\" decoding=\"async\" src=\"http:\/\/lesbillesdecamille.com\/wp-content\/uploads\/2022\/03\/licorneballon-1024x1022.jpg\" alt=\"\" class=\"wp-image-266\" width=\"512\" height=\"511\" srcset=\"https:\/\/lesbillesdecamille.com\/wp-content\/uploads\/2022\/03\/licorneballon-1024x1022.jpg 1024w, https:\/\/lesbillesdecamille.com\/wp-content\/uploads\/2022\/03\/licorneballon-300x300.jpg 300w, https:\/\/lesbillesdecamille.com\/wp-content\/uploads\/2022\/03\/licorneballon-150x150.jpg 150w, https:\/\/lesbillesdecamille.com\/wp-content\/uploads\/2022\/03\/licorneballon-768x767.jpg 768w, https:\/\/lesbillesdecamille.com\/wp-content\/uploads\/2022\/03\/licorneballon-1536x1533.jpg 1536w, https:\/\/lesbillesdecamille.com\/wp-content\/uploads\/2022\/03\/licorneballon.jpg 1665w\" sizes=\"auto, (max-width: 512px) 100vw, 512px\" \/><\/figure>\n<\/div>","protected":false},"excerpt":{"rendered":"<p>Pour d\u00e9couvrir mon univers, allez dans ma page blog ! Mon Atelier \u00a0\u00bb TAG TON TOTE SAC \u00a0\u00bb au Parc Mosa\u00efc de la M\u00e9tropole Lilloise Atelier \u00a0\u00bb HELLO TA POCHETTE \u00a0\u00bb \u00e0 l&rsquo;internat d&rsquo;un coll\u00e8ge Lillois Partenariat avec la Cr\u00e9atrice Lady Doa pour r\u00e9aliser des accessoires b\u00e9b\u00e9 ! \u00a0\u00bb Les chaussettes de l&rsquo;Archiduchesse \u00a0\u00bb D\u00e9fil\u00e9 [&hellip;]<\/p>\n","protected":false},"author":1,"featured_media":116,"parent":0,"menu_order":0,"comment_status":"closed","ping_status":"closed","template":"","meta":{"footnotes":""},"class_list":["post-63","page","type-page","status-publish","has-post-thumbnail","hentry"],"_links":{"self":[{"href":"https:\/\/lesbillesdecamille.com\/index.php\/wp-json\/wp\/v2\/pages\/63","targetHints":{"allow":["GET"]}}],"collection":[{"href":"https:\/\/lesbillesdecamille.com\/index.php\/wp-json\/wp\/v2\/pages"}],"about":[{"href":"https:\/\/lesbillesdecamille.com\/index.php\/wp-json\/wp\/v2\/types\/page"}],"author":[{"embeddable":true,"href":"https:\/\/lesbillesdecamille.com\/index.php\/wp-json\/wp\/v2\/users\/1"}],"replies":[{"embeddable":true,"href":"https:\/\/lesbillesdecamille.com\/index.php\/wp-json\/wp\/v2\/comments?post=63"}],"version-history":[{"count":47,"href":"https:\/\/lesbillesdecamille.com\/index.php\/wp-json\/wp\/v2\/pages\/63\/revisions"}],"predecessor-version":[{"id":468,"href":"https:\/\/lesbillesdecamille.com\/index.php\/wp-json\/wp\/v2\/pages\/63\/revisions\/468"}],"wp:featuredmedia":[{"embeddable":true,"href":"https:\/\/lesbillesdecamille.com\/index.php\/wp-json\/wp\/v2\/media\/116"}],"wp:attachment":[{"href":"https:\/\/lesbillesdecamille.com\/index.php\/wp-json\/wp\/v2\/media?parent=63"}],"curies":[{"name":"wp","href":"https:\/\/api.w.org\/{rel}","templated":true}]}}